{"id":8826,"date":"2020-07-25T18:53:49","date_gmt":"2020-07-25T23:53:49","guid":{"rendered":"https:\/\/prof-it.me\/web\/?page_id=8826"},"modified":"2021-02-02T11:56:17","modified_gmt":"2021-02-02T16:56:17","slug":"parners","status":"publish","type":"page","link":"https:\/\/prof-it.me\/web\/parners\/","title":{"rendered":"DISTRIBUIODRES VoIP"},"content":{"rendered":"\t\t<div data-elementor-type=\"wp-page\" data-elementor-id=\"8826\" class=\"elementor elementor-8826\">\n\t\t\t\t\t\t<section class=\"elementor-section elementor-top-section elementor-element elementor-element-e1d3021 elementor-section-stretched elementor-section-full_width elementor-section-height-default elementor-section-height-default\" data-id=\"e1d3021\" data-element_type=\"section\" data-settings=\"{&quot;stretch_section&quot;:&quot;section-stretched&quot;}\">\n\t\t\t\t\t\t<div class=\"elementor-container elementor-column-gap-default\">\n\t\t\t\t\t<div class=\"elementor-column elementor-col-100 elementor-top-column elementor-element elementor-element-ae0304e\" data-id=\"ae0304e\" data-element_type=\"column\" data-settings=\"{&quot;background_background&quot;:&quot;slideshow&quot;,&quot;background_slideshow_gallery&quot;:[{&quot;id&quot;:9469,&quot;url&quot;:&quot;https:\\\/\\\/prof-it.me\\\/web\\\/wp-content\\\/uploads\\\/2021\\\/02\\\/handshake-3298455_1920.jpg&quot;}],&quot;background_slideshow_loop&quot;:&quot;yes&quot;,&quot;background_slideshow_slide_duration&quot;:5000,&quot;background_slideshow_slide_transition&quot;:&quot;fade&quot;,&quot;background_slideshow_transition_duration&quot;:500}\">\n\t\t\t<div class=\"elementor-widget-wrap elementor-element-populated\">\n\t\t\t\t\t\t<div class=\"elementor-element elementor-element-10daeb0 elementor-widget elementor-widget-spacer\" data-id=\"10daeb0\" data-element_type=\"widget\" data-widget_type=\"spacer.default\">\n\t\t\t\t<div class=\"elementor-widget-container\">\n\t\t\t\t\t\t\t<div class=\"elementor-spacer\">\n\t\t\t<div class=\"elementor-spacer-inner\"><\/div>\n\t\t<\/div>\n\t\t\t\t\t\t<\/div>\n\t\t\t\t<\/div>\n\t\t\t\t<div class=\"elementor-element elementor-element-628dcbb elementor-widget elementor-widget-heading\" data-id=\"628dcbb\" data-element_type=\"widget\" data-widget_type=\"heading.default\">\n\t\t\t\t<div class=\"elementor-widget-container\">\n\t\t\t\t\t<h2 class=\"elementor-heading-title elementor-size-default\">Vende nuestros productos y servicios <br>sin ser un experto y gana excelentes comisiones.<\/h2>\t\t\t\t<\/div>\n\t\t\t\t<\/div>\n\t\t\t\t<div class=\"elementor-element elementor-element-1a3a209 elementor-widget elementor-widget-spacer\" data-id=\"1a3a209\" data-element_type=\"widget\" data-widget_type=\"spacer.default\">\n\t\t\t\t<div class=\"elementor-widget-container\">\n\t\t\t\t\t\t\t<div class=\"elementor-spacer\">\n\t\t\t<div class=\"elementor-spacer-inner\"><\/div>\n\t\t<\/div>\n\t\t\t\t\t\t<\/div>\n\t\t\t\t<\/div>\n\t\t\t\t<section class=\"elementor-section elementor-inner-section elementor-element elementor-element-d7afaf0 elementor-section-boxed elementor-section-height-default elementor-section-height-default\" data-id=\"d7afaf0\" data-element_type=\"section\">\n\t\t\t\t\t\t<div class=\"elementor-container elementor-column-gap-default\">\n\t\t\t\t\t<div class=\"elementor-column elementor-col-20 elementor-inner-column elementor-element elementor-element-5bf76cb\" data-id=\"5bf76cb\" data-element_type=\"column\">\n\t\t\t<div class=\"elementor-widget-wrap elementor-element-populated\">\n\t\t\t\t\t\t<div class=\"elementor-element elementor-element-4a745d0 elementor-widget elementor-widget-spacer\" data-id=\"4a745d0\" data-element_type=\"widget\" data-widget_type=\"spacer.default\">\n\t\t\t\t<div class=\"elementor-widget-container\">\n\t\t\t\t\t\t\t<div class=\"elementor-spacer\">\n\t\t\t<div class=\"elementor-spacer-inner\"><\/div>\n\t\t<\/div>\n\t\t\t\t\t\t<\/div>\n\t\t\t\t<\/div>\n\t\t\t\t<div class=\"elementor-element elementor-element-793eea7 elementor-view-default elementor-position-top elementor-mobile-position-top elementor-widget elementor-widget-icon-box\" data-id=\"793eea7\" data-element_type=\"widget\" data-widget_type=\"icon-box.default\">\n\t\t\t\t<div class=\"elementor-widget-container\">\n\t\t\t\t\t\t\t<div class=\"elementor-icon-box-wrapper\">\n\n\t\t\t\t\t\t<div class=\"elementor-icon-box-icon\">\n\t\t\t\t<span  class=\"elementor-icon\">\n\t\t\t\t<i aria-hidden=\"true\" class=\"far fa-address-card\"><\/i>\t\t\t\t<\/span>\n\t\t\t<\/div>\n\t\t\t\n\t\t\t\t\t\t<div class=\"elementor-icon-box-content\">\n\n\t\t\t\t\t\t\t\t\t<h3 class=\"elementor-icon-box-title\">\n\t\t\t\t\t\t<span  >\n\t\t\t\t\t\t\tRefer\u00e9ncianos\t\t\t\t\t\t<\/span>\n\t\t\t\t\t<\/h3>\n\t\t\t\t\n\t\t\t\t\t\t\t\t\t<p class=\"elementor-icon-box-description\">\n\t\t\t\t\t\tEnv\u00edanos los datos de contacto de tu cliente, que requiere telefon\u00eda VoIP y desee recortar su factura telef\u00f3nica en un 80 %  <br>_\t\t\t\t\t<\/p>\n\t\t\t\t\n\t\t\t<\/div>\n\t\t\t\n\t\t<\/div>\n\t\t\t\t\t\t<\/div>\n\t\t\t\t<\/div>\n\t\t\t\t\t<\/div>\n\t\t<\/div>\n\t\t\t\t<div class=\"elementor-column elementor-col-20 elementor-inner-column elementor-element elementor-element-8bc0abe\" data-id=\"8bc0abe\" data-element_type=\"column\">\n\t\t\t<div class=\"elementor-widget-wrap elementor-element-populated\">\n\t\t\t\t\t\t<div class=\"elementor-element elementor-element-7d848e4 elementor-widget elementor-widget-spacer\" data-id=\"7d848e4\" data-element_type=\"widget\" data-widget_type=\"spacer.default\">\n\t\t\t\t<div class=\"elementor-widget-container\">\n\t\t\t\t\t\t\t<div class=\"elementor-spacer\">\n\t\t\t<div class=\"elementor-spacer-inner\"><\/div>\n\t\t<\/div>\n\t\t\t\t\t\t<\/div>\n\t\t\t\t<\/div>\n\t\t\t\t<div class=\"elementor-element elementor-element-332343b elementor-view-default elementor-position-top elementor-mobile-position-top elementor-widget elementor-widget-icon-box\" data-id=\"332343b\" data-element_type=\"widget\" data-widget_type=\"icon-box.default\">\n\t\t\t\t<div class=\"elementor-widget-container\">\n\t\t\t\t\t\t\t<div class=\"elementor-icon-box-wrapper\">\n\n\t\t\t\t\t\t<div class=\"elementor-icon-box-icon\">\n\t\t\t\t<span  class=\"elementor-icon\">\n\t\t\t\t<i aria-hidden=\"true\" class=\"fas fa-street-view\"><\/i>\t\t\t\t<\/span>\n\t\t\t<\/div>\n\t\t\t\n\t\t\t\t\t\t<div class=\"elementor-icon-box-content\">\n\n\t\t\t\t\t\t\t\t\t<h3 class=\"elementor-icon-box-title\">\n\t\t\t\t\t\t<span  >\n\t\t\t\t\t\t\tAsesoramos \t\t\t\t\t\t<\/span>\n\t\t\t\t\t<\/h3>\n\t\t\t\t\n\t\t\t\t\t\t\t\t\t<p class=\"elementor-icon-box-description\">\n\t\t\t\t\t\tNos comunicaremos con tu cliente le daremos una asesor\u00eda gratuita para conocer sus necesidades especificas  <br>_\t\t\t\t\t<\/p>\n\t\t\t\t\n\t\t\t<\/div>\n\t\t\t\n\t\t<\/div>\n\t\t\t\t\t\t<\/div>\n\t\t\t\t<\/div>\n\t\t\t\t\t<\/div>\n\t\t<\/div>\n\t\t\t\t<div class=\"elementor-column elementor-col-20 elementor-inner-column elementor-element elementor-element-fe1996d\" data-id=\"fe1996d\" data-element_type=\"column\">\n\t\t\t<div class=\"elementor-widget-wrap elementor-element-populated\">\n\t\t\t\t\t\t<div class=\"elementor-element elementor-element-189442c elementor-widget elementor-widget-spacer\" data-id=\"189442c\" data-element_type=\"widget\" data-widget_type=\"spacer.default\">\n\t\t\t\t<div class=\"elementor-widget-container\">\n\t\t\t\t\t\t\t<div class=\"elementor-spacer\">\n\t\t\t<div class=\"elementor-spacer-inner\"><\/div>\n\t\t<\/div>\n\t\t\t\t\t\t<\/div>\n\t\t\t\t<\/div>\n\t\t\t\t<div class=\"elementor-element elementor-element-c2da6ba elementor-view-default elementor-position-top elementor-mobile-position-top elementor-widget elementor-widget-icon-box\" data-id=\"c2da6ba\" data-element_type=\"widget\" data-widget_type=\"icon-box.default\">\n\t\t\t\t<div class=\"elementor-widget-container\">\n\t\t\t\t\t\t\t<div class=\"elementor-icon-box-wrapper\">\n\n\t\t\t\t\t\t<div class=\"elementor-icon-box-icon\">\n\t\t\t\t<span  class=\"elementor-icon\">\n\t\t\t\t<i aria-hidden=\"true\" class=\"fas fa-calculator\"><\/i>\t\t\t\t<\/span>\n\t\t\t<\/div>\n\t\t\t\n\t\t\t\t\t\t<div class=\"elementor-icon-box-content\">\n\n\t\t\t\t\t\t\t\t\t<h3 class=\"elementor-icon-box-title\">\n\t\t\t\t\t\t<span  >\n\t\t\t\t\t\t\tCotizamos\t\t\t\t\t\t<\/span>\n\t\t\t\t\t<\/h3>\n\t\t\t\t\n\t\t\t\t\t\t\t\t\t<p class=\"elementor-icon-box-description\">\n\t\t\t\t\t\tEnviaremos una cotizaci\u00f3n  al cliente con copia a tu correo electr\u00f3nico  y el valor de tu comisi\u00f3n seg\u00fan el valor de la compra.<br>_\t\t\t\t\t<\/p>\n\t\t\t\t\n\t\t\t<\/div>\n\t\t\t\n\t\t<\/div>\n\t\t\t\t\t\t<\/div>\n\t\t\t\t<\/div>\n\t\t\t\t\t<\/div>\n\t\t<\/div>\n\t\t\t\t<div class=\"elementor-column elementor-col-20 elementor-inner-column elementor-element elementor-element-c1b55ae\" data-id=\"c1b55ae\" data-element_type=\"column\">\n\t\t\t<div class=\"elementor-widget-wrap elementor-element-populated\">\n\t\t\t\t\t\t<div class=\"elementor-element elementor-element-08c8d07 elementor-widget elementor-widget-spacer\" data-id=\"08c8d07\" data-element_type=\"widget\" data-widget_type=\"spacer.default\">\n\t\t\t\t<div class=\"elementor-widget-container\">\n\t\t\t\t\t\t\t<div class=\"elementor-spacer\">\n\t\t\t<div class=\"elementor-spacer-inner\"><\/div>\n\t\t<\/div>\n\t\t\t\t\t\t<\/div>\n\t\t\t\t<\/div>\n\t\t\t\t<div class=\"elementor-element elementor-element-40f7882 elementor-view-default elementor-position-top elementor-mobile-position-top elementor-widget elementor-widget-icon-box\" data-id=\"40f7882\" data-element_type=\"widget\" data-widget_type=\"icon-box.default\">\n\t\t\t\t<div class=\"elementor-widget-container\">\n\t\t\t\t\t\t\t<div class=\"elementor-icon-box-wrapper\">\n\n\t\t\t\t\t\t<div class=\"elementor-icon-box-icon\">\n\t\t\t\t<span  class=\"elementor-icon\">\n\t\t\t\t<i aria-hidden=\"true\" class=\"fas fa-hands-helping\"><\/i>\t\t\t\t<\/span>\n\t\t\t<\/div>\n\t\t\t\n\t\t\t\t\t\t<div class=\"elementor-icon-box-content\">\n\n\t\t\t\t\t\t\t\t\t<h3 class=\"elementor-icon-box-title\">\n\t\t\t\t\t\t<span  >\n\t\t\t\t\t\t\tCierra el negocio<br>\n\t\t\t\t\t\t<\/span>\n\t\t\t\t\t<\/h3>\n\t\t\t\t\n\t\t\t\t\t\t\t\t\t<p class=\"elementor-icon-box-description\">\n\t\t\t\t\t\tTu haces seguimiento  a la cotizaci\u00f3n e influyes para que el cliente registre la orden de compra adjunta a la cotizaci\u00f3n <br>_\t\t\t\t\t<\/p>\n\t\t\t\t\n\t\t\t<\/div>\n\t\t\t\n\t\t<\/div>\n\t\t\t\t\t\t<\/div>\n\t\t\t\t<\/div>\n\t\t\t\t\t<\/div>\n\t\t<\/div>\n\t\t\t\t<div class=\"elementor-column elementor-col-20 elementor-inner-column elementor-element elementor-element-1865f47\" data-id=\"1865f47\" data-element_type=\"column\">\n\t\t\t<div class=\"elementor-widget-wrap elementor-element-populated\">\n\t\t\t\t\t\t<div class=\"elementor-element elementor-element-3ce1488 elementor-widget elementor-widget-spacer\" data-id=\"3ce1488\" data-element_type=\"widget\" data-widget_type=\"spacer.default\">\n\t\t\t\t<div class=\"elementor-widget-container\">\n\t\t\t\t\t\t\t<div class=\"elementor-spacer\">\n\t\t\t<div class=\"elementor-spacer-inner\"><\/div>\n\t\t<\/div>\n\t\t\t\t\t\t<\/div>\n\t\t\t\t<\/div>\n\t\t\t\t<div class=\"elementor-element elementor-element-c952f99 elementor-view-default elementor-position-top elementor-mobile-position-top elementor-widget elementor-widget-icon-box\" data-id=\"c952f99\" data-element_type=\"widget\" data-widget_type=\"icon-box.default\">\n\t\t\t\t<div class=\"elementor-widget-container\">\n\t\t\t\t\t\t\t<div class=\"elementor-icon-box-wrapper\">\n\n\t\t\t\t\t\t<div class=\"elementor-icon-box-icon\">\n\t\t\t\t<span  class=\"elementor-icon\">\n\t\t\t\t<i aria-hidden=\"true\" class=\"fas fa-money-bill-wave\"><\/i>\t\t\t\t<\/span>\n\t\t\t<\/div>\n\t\t\t\n\t\t\t\t\t\t<div class=\"elementor-icon-box-content\">\n\n\t\t\t\t\t\t\t\t\t<h3 class=\"elementor-icon-box-title\">\n\t\t\t\t\t\t<span  >\n\t\t\t\t\t\t\tComisiona\n\t\t\t\t\t\t<\/span>\n\t\t\t\t\t<\/h3>\n\t\t\t\t\n\t\t\t\t\t\t\t\t\t<p class=\"elementor-icon-box-description\">\n\t\t\t\t\t\tLuego de que el cliente realice el pago  te pagaremos tus comisiones a la cuenta que nos indiques.<br>_\t\t\t\t\t<\/p>\n\t\t\t\t\n\t\t\t<\/div>\n\t\t\t\n\t\t<\/div>\n\t\t\t\t\t\t<\/div>\n\t\t\t\t<\/div>\n\t\t\t\t\t<\/div>\n\t\t<\/div>\n\t\t\t\t\t<\/div>\n\t\t<\/section>\n\t\t\t\t<div class=\"elementor-element elementor-element-fd8be28 elementor-widget elementor-widget-spacer\" data-id=\"fd8be28\" data-element_type=\"widget\" data-widget_type=\"spacer.default\">\n\t\t\t\t<div class=\"elementor-widget-container\">\n\t\t\t\t\t\t\t<div class=\"elementor-spacer\">\n\t\t\t<div class=\"elementor-spacer-inner\"><\/div>\n\t\t<\/div>\n\t\t\t\t\t\t<\/div>\n\t\t\t\t<\/div>\n\t\t\t\t<section class=\"elementor-section elementor-inner-section elementor-element elementor-element-b7a1f0c elementor-section-boxed elementor-section-height-default elementor-section-height-default\" data-id=\"b7a1f0c\" data-element_type=\"section\">\n\t\t\t\t\t\t<div class=\"elementor-container elementor-column-gap-default\">\n\t\t\t\t\t<div class=\"elementor-column elementor-col-100 elementor-inner-column elementor-element elementor-element-3a5708a\" data-id=\"3a5708a\" data-element_type=\"column\">\n\t\t\t<div class=\"elementor-widget-wrap elementor-element-populated\">\n\t\t\t\t\t\t<div class=\"elementor-element elementor-element-8460c85 elementor-widget elementor-widget-heading\" data-id=\"8460c85\" data-element_type=\"widget\" data-widget_type=\"heading.default\">\n\t\t\t\t<div class=\"elementor-widget-container\">\n\t\t\t\t\t<h2 class=\"elementor-heading-title elementor-size-default\">Para mas informaci\u00f3n sobre el sistema de comisiones <\/h2>\t\t\t\t<\/div>\n\t\t\t\t<\/div>\n\t\t\t\t<div class=\"elementor-element elementor-element-a8e1649 elementor-align-center elementor-widget elementor-widget-button\" data-id=\"a8e1649\" data-element_type=\"widget\" data-widget_type=\"button.default\">\n\t\t\t\t<div class=\"elementor-widget-container\">\n\t\t\t\t\t\t\t\t\t<div class=\"elementor-button-wrapper\">\n\t\t\t\t\t<a class=\"elementor-button elementor-button-link elementor-size-sm\" href=\"https:\/\/wa.link\/12yel2\">\n\t\t\t\t\t\t<span class=\"elementor-button-content-wrapper\">\n\t\t\t\t\t\t\t\t\t<span class=\"elementor-button-text\">Pregunta aqu\u00ed<\/span>\n\t\t\t\t\t<\/span>\n\t\t\t\t\t<\/a>\n\t\t\t\t<\/div>\n\t\t\t\t\t\t\t\t<\/div>\n\t\t\t\t<\/div>\n\t\t\t\t\t<\/div>\n\t\t<\/div>\n\t\t\t\t\t<\/div>\n\t\t<\/section>\n\t\t\t\t<div class=\"elementor-element elementor-element-ba5155f elementor-widget elementor-widget-spacer\" data-id=\"ba5155f\" data-element_type=\"widget\" data-widget_type=\"spacer.default\">\n\t\t\t\t<div class=\"elementor-widget-container\">\n\t\t\t\t\t\t\t<div class=\"elementor-spacer\">\n\t\t\t<div class=\"elementor-spacer-inner\"><\/div>\n\t\t<\/div>\n\t\t\t\t\t\t<\/div>\n\t\t\t\t<\/div>\n\t\t\t\t\t<\/div>\n\t\t<\/div>\n\t\t\t\t\t<\/div>\n\t\t<\/section>\n\t\t\t\t<section class=\"elementor-section elementor-top-section elementor-element elementor-element-240e748 elementor-section-boxed elementor-section-height-default elementor-section-height-default\" data-id=\"240e748\" data-element_type=\"section\">\n\t\t\t\t\t\t<div class=\"elementor-container elementor-column-gap-default\">\n\t\t\t\t\t<div class=\"elementor-column elementor-col-66 elementor-top-column elementor-element elementor-element-feb265f\" data-id=\"feb265f\" data-element_type=\"column\">\n\t\t\t<div class=\"elementor-widget-wrap\">\n\t\t\t\t\t\t\t<\/div>\n\t\t<\/div>\n\t\t\t\t<div class=\"elementor-column elementor-col-33 elementor-top-column elementor-element elementor-element-45c9173\" data-id=\"45c9173\" data-element_type=\"column\">\n\t\t\t<div class=\"elementor-widget-wrap\">\n\t\t\t\t\t\t\t<\/div>\n\t\t<\/div>\n\t\t\t\t\t<\/div>\n\t\t<\/section>\n\t\t\t\t<\/div>\n\t\t<!-- AddThis Advanced Settings generic via filter on the_content --><!-- AddThis Share Buttons generic via filter on the_content -->","protected":false},"excerpt":{"rendered":"Vende nuestros productos y servicios sin ser un experto y gana excelentes comisiones. Refer\u00e9ncianos Env\u00edanos los datos de contacto de tu cliente, que requiere telefon\u00eda VoIP y desee recortar su factura telef\u00f3nica en un 80 % _ Asesoramos Nos comunicaremos con tu cliente le daremos una asesor\u00eda gratuita para conocer sus necesidades especificas _ Cotizamos&hellip;&nbsp;<a href=\"https:\/\/prof-it.me\/web\/parners\/\" rel=\"bookmark\">Leer m\u00e1s &raquo;<span class=\"screen-reader-text\">DISTRIBUIODRES VoIP<\/span><\/a><!-- AddThis Advanced Settings generic via filter on get_the_excerpt --><!-- AddThis Share Buttons generic via filter on get_the_excerpt -->","protected":false},"author":3,"featured_media":0,"parent":0,"menu_order":0,"comment_status":"closed","ping_status":"closed","template":"page-templates\/template-pagebuilder-full-width.php","meta":{"neve_meta_sidebar":"","neve_meta_container":"","neve_meta_enable_content_width":"off","neve_meta_content_width":0,"neve_meta_title_alignment":"","neve_meta_author_avatar":"","neve_post_elements_order":"","neve_meta_disable_header":"","neve_meta_disable_footer":"","neve_meta_disable_title":"","footnotes":""},"class_list":["post-8826","page","type-page","status-publish","hentry"],"yoast_head":"<!-- This site is optimized with the Yoast SEO plugin v26.0 - https:\/\/yoast.com\/wordpress\/plugins\/seo\/ -->\n<title>DISTRIBUIODRES VoIP - Telefon\u00eda IP Prof-IT SAS<\/title>\n<meta name=\"robots\" content=\"index, follow, max-snippet:-1, max-image-preview:large, max-video-preview:-1\" \/>\n<link rel=\"canonical\" href=\"https:\/\/prof-it.me\/web\/parners\/\" \/>\n<meta property=\"og:locale\" content=\"es_ES\" \/>\n<meta property=\"og:type\" content=\"article\" \/>\n<meta property=\"og:title\" content=\"DISTRIBUIODRES VoIP - Telefon\u00eda IP Prof-IT SAS\" \/>\n<meta property=\"og:description\" content=\"Vende nuestros productos y servicios sin ser un experto y gana excelentes comisiones. Refer\u00e9ncianos Env\u00edanos los datos de contacto de tu cliente, que requiere telefon\u00eda VoIP y desee recortar su factura telef\u00f3nica en un 80 % _ Asesoramos Nos comunicaremos con tu cliente le daremos una asesor\u00eda gratuita para conocer sus necesidades especificas _ Cotizamos&hellip;&nbsp;Leer m\u00e1s &raquo;DISTRIBUIODRES VoIP\" \/>\n<meta property=\"og:url\" content=\"https:\/\/prof-it.me\/web\/parners\/\" \/>\n<meta property=\"og:site_name\" content=\"Telefon\u00eda IP Prof-IT SAS\" \/>\n<meta property=\"article:publisher\" content=\"https:\/\/www.facebook.com\/profit.voip\/\" \/>\n<meta property=\"article:modified_time\" content=\"2021-02-02T16:56:17+00:00\" \/>\n<meta name=\"twitter:card\" content=\"summary_large_image\" \/>\n<meta name=\"twitter:label1\" content=\"Tiempo de lectura\" \/>\n\t<meta name=\"twitter:data1\" content=\"1 minuto\" \/>\n<script type=\"application\/ld+json\" class=\"yoast-schema-graph\">{\"@context\":\"https:\/\/schema.org\",\"@graph\":[{\"@type\":\"WebPage\",\"@id\":\"https:\/\/prof-it.me\/web\/parners\/\",\"url\":\"https:\/\/prof-it.me\/web\/parners\/\",\"name\":\"DISTRIBUIODRES VoIP - Telefon\u00eda IP Prof-IT SAS\",\"isPartOf\":{\"@id\":\"https:\/\/prof-it.me\/web\/#website\"},\"datePublished\":\"2020-07-25T23:53:49+00:00\",\"dateModified\":\"2021-02-02T16:56:17+00:00\",\"breadcrumb\":{\"@id\":\"https:\/\/prof-it.me\/web\/parners\/#breadcrumb\"},\"inLanguage\":\"es-CO\",\"potentialAction\":[{\"@type\":\"ReadAction\",\"target\":[\"https:\/\/prof-it.me\/web\/parners\/\"]}]},{\"@type\":\"BreadcrumbList\",\"@id\":\"https:\/\/prof-it.me\/web\/parners\/#breadcrumb\",\"itemListElement\":[{\"@type\":\"ListItem\",\"position\":1,\"name\":\"Home\",\"item\":\"https:\/\/prof-it.me\/web\/\"},{\"@type\":\"ListItem\",\"position\":2,\"name\":\"DISTRIBUIODRES VoIP\"}]},{\"@type\":\"WebSite\",\"@id\":\"https:\/\/prof-it.me\/web\/#website\",\"url\":\"https:\/\/prof-it.me\/web\/\",\"name\":\"Telefon\u00eda IP Prof-IT SAS\",\"description\":\"Expertos en telefon\u00eda VoIP\",\"publisher\":{\"@id\":\"https:\/\/prof-it.me\/web\/#organization\"},\"potentialAction\":[{\"@type\":\"SearchAction\",\"target\":{\"@type\":\"EntryPoint\",\"urlTemplate\":\"https:\/\/prof-it.me\/web\/?s={search_term_string}\"},\"query-input\":{\"@type\":\"PropertyValueSpecification\",\"valueRequired\":true,\"valueName\":\"search_term_string\"}}],\"inLanguage\":\"es-CO\"},{\"@type\":\"Organization\",\"@id\":\"https:\/\/prof-it.me\/web\/#organization\",\"name\":\"Profesionales en Ingenier\u00eda y TIC SAS Prof-IT SAS\",\"url\":\"https:\/\/prof-it.me\/web\/\",\"logo\":{\"@type\":\"ImageObject\",\"inLanguage\":\"es-CO\",\"@id\":\"https:\/\/prof-it.me\/web\/#\/schema\/logo\/image\/\",\"url\":\"https:\/\/prof-it.me\/web\/wp-content\/uploads\/2016\/03\/LogoProf-IT_Mediano.png\",\"contentUrl\":\"https:\/\/prof-it.me\/web\/wp-content\/uploads\/2016\/03\/LogoProf-IT_Mediano.png\",\"width\":262,\"height\":369,\"caption\":\"Profesionales en Ingenier\u00eda y TIC SAS Prof-IT SAS\"},\"image\":{\"@id\":\"https:\/\/prof-it.me\/web\/#\/schema\/logo\/image\/\"},\"sameAs\":[\"https:\/\/www.facebook.com\/profit.voip\/\",\"https:\/\/www.linkedin.com\/in\/davidbqzt\",\"https:\/\/www.youtube.com\/channel\/UC5yjKQqLT8FhUk29lKSV4iw\"]}]}<\/script>\n<!-- \/ Yoast SEO plugin. -->","yoast_head_json":{"title":"DISTRIBUIODRES VoIP - Telefon\u00eda IP Prof-IT SAS","robots":{"index":"index","follow":"follow","max-snippet":"max-snippet:-1","max-image-preview":"max-image-preview:large","max-video-preview":"max-video-preview:-1"},"canonical":"https:\/\/prof-it.me\/web\/parners\/","og_locale":"es_ES","og_type":"article","og_title":"DISTRIBUIODRES VoIP - Telefon\u00eda IP Prof-IT SAS","og_description":"Vende nuestros productos y servicios sin ser un experto y gana excelentes comisiones. Refer\u00e9ncianos Env\u00edanos los datos de contacto de tu cliente, que requiere telefon\u00eda VoIP y desee recortar su factura telef\u00f3nica en un 80 % _ Asesoramos Nos comunicaremos con tu cliente le daremos una asesor\u00eda gratuita para conocer sus necesidades especificas _ Cotizamos&hellip;&nbsp;Leer m\u00e1s &raquo;DISTRIBUIODRES VoIP","og_url":"https:\/\/prof-it.me\/web\/parners\/","og_site_name":"Telefon\u00eda IP Prof-IT SAS","article_publisher":"https:\/\/www.facebook.com\/profit.voip\/","article_modified_time":"2021-02-02T16:56:17+00:00","twitter_card":"summary_large_image","twitter_misc":{"Tiempo de lectura":"1 minuto"},"schema":{"@context":"https:\/\/schema.org","@graph":[{"@type":"WebPage","@id":"https:\/\/prof-it.me\/web\/parners\/","url":"https:\/\/prof-it.me\/web\/parners\/","name":"DISTRIBUIODRES VoIP - Telefon\u00eda IP Prof-IT SAS","isPartOf":{"@id":"https:\/\/prof-it.me\/web\/#website"},"datePublished":"2020-07-25T23:53:49+00:00","dateModified":"2021-02-02T16:56:17+00:00","breadcrumb":{"@id":"https:\/\/prof-it.me\/web\/parners\/#breadcrumb"},"inLanguage":"es-CO","potentialAction":[{"@type":"ReadAction","target":["https:\/\/prof-it.me\/web\/parners\/"]}]},{"@type":"BreadcrumbList","@id":"https:\/\/prof-it.me\/web\/parners\/#breadcrumb","itemListElement":[{"@type":"ListItem","position":1,"name":"Home","item":"https:\/\/prof-it.me\/web\/"},{"@type":"ListItem","position":2,"name":"DISTRIBUIODRES VoIP"}]},{"@type":"WebSite","@id":"https:\/\/prof-it.me\/web\/#website","url":"https:\/\/prof-it.me\/web\/","name":"Telefon\u00eda IP Prof-IT SAS","description":"Expertos en telefon\u00eda VoIP","publisher":{"@id":"https:\/\/prof-it.me\/web\/#organization"},"potentialAction":[{"@type":"SearchAction","target":{"@type":"EntryPoint","urlTemplate":"https:\/\/prof-it.me\/web\/?s={search_term_string}"},"query-input":{"@type":"PropertyValueSpecification","valueRequired":true,"valueName":"search_term_string"}}],"inLanguage":"es-CO"},{"@type":"Organization","@id":"https:\/\/prof-it.me\/web\/#organization","name":"Profesionales en Ingenier\u00eda y TIC SAS Prof-IT SAS","url":"https:\/\/prof-it.me\/web\/","logo":{"@type":"ImageObject","inLanguage":"es-CO","@id":"https:\/\/prof-it.me\/web\/#\/schema\/logo\/image\/","url":"https:\/\/prof-it.me\/web\/wp-content\/uploads\/2016\/03\/LogoProf-IT_Mediano.png","contentUrl":"https:\/\/prof-it.me\/web\/wp-content\/uploads\/2016\/03\/LogoProf-IT_Mediano.png","width":262,"height":369,"caption":"Profesionales en Ingenier\u00eda y TIC SAS Prof-IT SAS"},"image":{"@id":"https:\/\/prof-it.me\/web\/#\/schema\/logo\/image\/"},"sameAs":["https:\/\/www.facebook.com\/profit.voip\/","https:\/\/www.linkedin.com\/in\/davidbqzt","https:\/\/www.youtube.com\/channel\/UC5yjKQqLT8FhUk29lKSV4iw"]}]}},"_links":{"self":[{"href":"https:\/\/prof-it.me\/web\/wp-json\/wp\/v2\/pages\/8826","targetHints":{"allow":["GET"]}}],"collection":[{"href":"https:\/\/prof-it.me\/web\/wp-json\/wp\/v2\/pages"}],"about":[{"href":"https:\/\/prof-it.me\/web\/wp-json\/wp\/v2\/types\/page"}],"author":[{"embeddable":true,"href":"https:\/\/prof-it.me\/web\/wp-json\/wp\/v2\/users\/3"}],"replies":[{"embeddable":true,"href":"https:\/\/prof-it.me\/web\/wp-json\/wp\/v2\/comments?post=8826"}],"version-history":[{"count":26,"href":"https:\/\/prof-it.me\/web\/wp-json\/wp\/v2\/pages\/8826\/revisions"}],"predecessor-version":[{"id":9475,"href":"https:\/\/prof-it.me\/web\/wp-json\/wp\/v2\/pages\/8826\/revisions\/9475"}],"wp:attachment":[{"href":"https:\/\/prof-it.me\/web\/wp-json\/wp\/v2\/media?parent=8826"}],"curies":[{"name":"wp","href":"https:\/\/api.w.org\/{rel}","templated":true}]}}