{"id":8823,"date":"2020-07-25T18:53:49","date_gmt":"2020-07-25T23:53:49","guid":{"rendered":"https:\/\/prof-it.me\/web\/?page_id=8823"},"modified":"2022-04-06T10:32:58","modified_gmt":"2022-04-06T15:32:58","slug":"porque-prof-it","status":"publish","type":"page","link":"https:\/\/prof-it.me\/web\/porque-prof-it\/","title":{"rendered":"\u00bfPorque Prof-IT?"},"content":{"rendered":"\t\t<div data-elementor-type=\"wp-page\" data-elementor-id=\"8823\" class=\"elementor elementor-8823\">\n\t\t\t\t\t\t<section class=\"elementor-section elementor-top-section elementor-element elementor-element-8e64a07 elementor-section-boxed elementor-section-height-default elementor-section-height-default\" data-id=\"8e64a07\" data-element_type=\"section\">\n\t\t\t\t\t\t<div class=\"elementor-container elementor-column-gap-default\">\n\t\t\t\t\t<div class=\"elementor-column elementor-col-100 elementor-top-column elementor-element elementor-element-a704e9c\" data-id=\"a704e9c\" data-element_type=\"column\">\n\t\t\t<div class=\"elementor-widget-wrap elementor-element-populated\">\n\t\t\t\t\t\t<div class=\"elementor-element elementor-element-df30846 elementor-widget elementor-widget-spacer\" data-id=\"df30846\" data-element_type=\"widget\" data-widget_type=\"spacer.default\">\n\t\t\t\t<div class=\"elementor-widget-container\">\n\t\t\t\t\t\t\t<div class=\"elementor-spacer\">\n\t\t\t<div class=\"elementor-spacer-inner\"><\/div>\n\t\t<\/div>\n\t\t\t\t\t\t<\/div>\n\t\t\t\t<\/div>\n\t\t\t\t<div class=\"elementor-element elementor-element-6110fe9 elementor-widget elementor-widget-heading\" data-id=\"6110fe9\" data-element_type=\"widget\" data-widget_type=\"heading.default\">\n\t\t\t\t<div class=\"elementor-widget-container\">\n\t\t\t\t\t<h2 class=\"elementor-heading-title elementor-size-default\">\u00bf Porque Prof-IT ?<\/h2>\t\t\t\t<\/div>\n\t\t\t\t<\/div>\n\t\t\t\t<div class=\"elementor-element elementor-element-5017dc8 elementor-widget elementor-widget-text-editor\" data-id=\"5017dc8\" data-element_type=\"widget\" data-widget_type=\"text-editor.default\">\n\t\t\t\t<div class=\"elementor-widget-container\">\n\t\t\t\t\t\t\t\t\t<p>Somo expertos en telecomunicaciones;ayudamos a todo tipo de negocios a comunicarse de forma estable, segura y econ\u00f3mica a cualquier parte del mundo a trav\u00e9s de nuestras soluciones de PBX virtual, App VoIP y Minutos IP, E-mail Marketing, SMS y API para WhatsApp Business .<\/p>\t\t\t\t\t\t\t\t<\/div>\n\t\t\t\t<\/div>\n\t\t\t\t<div class=\"elementor-element elementor-element-0e21f55 elementor-widget elementor-widget-spacer\" data-id=\"0e21f55\" data-element_type=\"widget\" data-widget_type=\"spacer.default\">\n\t\t\t\t<div class=\"elementor-widget-container\">\n\t\t\t\t\t\t\t<div class=\"elementor-spacer\">\n\t\t\t<div class=\"elementor-spacer-inner\"><\/div>\n\t\t<\/div>\n\t\t\t\t\t\t<\/div>\n\t\t\t\t<\/div>\n\t\t\t\t\t<\/div>\n\t\t<\/div>\n\t\t\t\t\t<\/div>\n\t\t<\/section>\n\t\t\t\t<section class=\"elementor-section elementor-top-section elementor-element elementor-element-b7547bb elementor-section-boxed elementor-section-height-default elementor-section-height-default\" data-id=\"b7547bb\" data-element_type=\"section\">\n\t\t\t\t\t\t<div class=\"elementor-container elementor-column-gap-default\">\n\t\t\t\t\t<div class=\"elementor-column elementor-col-33 elementor-top-column elementor-element elementor-element-2737dc7\" data-id=\"2737dc7\" data-element_type=\"column\">\n\t\t\t<div class=\"elementor-widget-wrap elementor-element-populated\">\n\t\t\t\t\t\t<div class=\"elementor-element elementor-element-dbb7634 elementor-view-default elementor-position-top elementor-mobile-position-top elementor-widget elementor-widget-icon-box\" data-id=\"dbb7634\" data-element_type=\"widget\" data-widget_type=\"icon-box.default\">\n\t\t\t\t<div class=\"elementor-widget-container\">\n\t\t\t\t\t\t\t<div class=\"elementor-icon-box-wrapper\">\n\n\t\t\t\t\t\t<div class=\"elementor-icon-box-icon\">\n\t\t\t\t<span  class=\"elementor-icon\">\n\t\t\t\t<i aria-hidden=\"true\" class=\"fas fa-user-tie\"><\/i>\t\t\t\t<\/span>\n\t\t\t<\/div>\n\t\t\t\n\t\t\t\t\t\t<div class=\"elementor-icon-box-content\">\n\n\t\t\t\t\t\t\t\t\t<h3 class=\"elementor-icon-box-title\">\n\t\t\t\t\t\t<span  >\n\t\t\t\t\t\t\tPersonal calificado \t\t\t\t\t\t<\/span>\n\t\t\t\t\t<\/h3>\n\t\t\t\t\n\t\t\t\t\t\t\t\t\t<p class=\"elementor-icon-box-description\">\n\t\t\t\t\t\t<span style=\"font-size: 11pt;line-height: 107%;font-family: Arial, sans-serif;background-image: initial;background-position: initial;background-size: initial;background-repeat: initial;background-attachment: initial\">En Prof-IT Contamos con un excelente equipo de ingenieros con m\u00e1s de 10 a\u00f1os de experiencia  y t\u00e9cnicos diestros listo para ayudarte <\/span>\t\t\t\t\t<\/p>\n\t\t\t\t\n\t\t\t<\/div>\n\t\t\t\n\t\t<\/div>\n\t\t\t\t\t\t<\/div>\n\t\t\t\t<\/div>\n\t\t\t\t\t<\/div>\n\t\t<\/div>\n\t\t\t\t<div class=\"elementor-column elementor-col-33 elementor-top-column elementor-element elementor-element-e2d0995\" data-id=\"e2d0995\" data-element_type=\"column\">\n\t\t\t<div class=\"elementor-widget-wrap elementor-element-populated\">\n\t\t\t\t\t\t<div class=\"elementor-element elementor-element-3d07b09 elementor-view-default elementor-position-top elementor-mobile-position-top elementor-widget elementor-widget-icon-box\" data-id=\"3d07b09\" data-element_type=\"widget\" data-widget_type=\"icon-box.default\">\n\t\t\t\t<div class=\"elementor-widget-container\">\n\t\t\t\t\t\t\t<div class=\"elementor-icon-box-wrapper\">\n\n\t\t\t\t\t\t<div class=\"elementor-icon-box-icon\">\n\t\t\t\t<span  class=\"elementor-icon\">\n\t\t\t\t<i aria-hidden=\"true\" class=\"fas fa-space-shuttle\"><\/i>\t\t\t\t<\/span>\n\t\t\t<\/div>\n\t\t\t\n\t\t\t\t\t\t<div class=\"elementor-icon-box-content\">\n\n\t\t\t\t\t\t\t\t\t<h3 class=\"elementor-icon-box-title\">\n\t\t\t\t\t\t<span  >\n\t\t\t\t\t\t\tServicio r\u00e1pido y efectivo\t\t\t\t\t\t<\/span>\n\t\t\t\t\t<\/h3>\n\t\t\t\t\n\t\t\t\t\t\t\t\t\t<p class=\"elementor-icon-box-description\">\n\t\t\t\t\t\tConfiguramos  nuestros productos y servicios en tiempo r\u00e9cord, atendemos tus solicitudes las 24 horas, y te brindamos asesor\u00eda experta.\t\t\t\t\t<\/p>\n\t\t\t\t\n\t\t\t<\/div>\n\t\t\t\n\t\t<\/div>\n\t\t\t\t\t\t<\/div>\n\t\t\t\t<\/div>\n\t\t\t\t\t<\/div>\n\t\t<\/div>\n\t\t\t\t<div class=\"elementor-column elementor-col-33 elementor-top-column elementor-element elementor-element-fe18be9\" data-id=\"fe18be9\" data-element_type=\"column\">\n\t\t\t<div class=\"elementor-widget-wrap elementor-element-populated\">\n\t\t\t\t\t\t<div class=\"elementor-element elementor-element-368865d elementor-view-default elementor-position-top elementor-mobile-position-top elementor-widget elementor-widget-icon-box\" data-id=\"368865d\" data-element_type=\"widget\" data-widget_type=\"icon-box.default\">\n\t\t\t\t<div class=\"elementor-widget-container\">\n\t\t\t\t\t\t\t<div class=\"elementor-icon-box-wrapper\">\n\n\t\t\t\t\t\t<div class=\"elementor-icon-box-icon\">\n\t\t\t\t<span  class=\"elementor-icon\">\n\t\t\t\t<i aria-hidden=\"true\" class=\"fas fa-server\"><\/i>\t\t\t\t<\/span>\n\t\t\t<\/div>\n\t\t\t\n\t\t\t\t\t\t<div class=\"elementor-icon-box-content\">\n\n\t\t\t\t\t\t\t\t\t<h3 class=\"elementor-icon-box-title\">\n\t\t\t\t\t\t<span  >\n\t\t\t\t\t\t\tInfraestructura \t\t\t\t\t\t<\/span>\n\t\t\t\t\t<\/h3>\n\t\t\t\t\n\t\t\t\t\t\t\t\t\t<p class=\"elementor-icon-box-description\">\n\t\t\t\t\t\tContamos con servidores de ultima generaci\u00f3n, altamente seguros  con una garant\u00eda de disponibilidad del 99.99%  \t\t\t\t\t<\/p>\n\t\t\t\t\n\t\t\t<\/div>\n\t\t\t\n\t\t<\/div>\n\t\t\t\t\t\t<\/div>\n\t\t\t\t<\/div>\n\t\t\t\t\t<\/div>\n\t\t<\/div>\n\t\t\t\t\t<\/div>\n\t\t<\/section>\n\t\t\t\t<section class=\"elementor-section elementor-top-section elementor-element elementor-element-f7f2dcf elementor-section-boxed elementor-section-height-default elementor-section-height-default\" data-id=\"f7f2dcf\" data-element_type=\"section\">\n\t\t\t\t\t\t<div class=\"elementor-container elementor-column-gap-default\">\n\t\t\t\t\t<div class=\"elementor-column elementor-col-33 elementor-top-column elementor-element elementor-element-8ecff19\" data-id=\"8ecff19\" data-element_type=\"column\">\n\t\t\t<div class=\"elementor-widget-wrap elementor-element-populated\">\n\t\t\t\t\t\t<div class=\"elementor-element elementor-element-72d6601 elementor-view-default elementor-position-top elementor-mobile-position-top elementor-widget elementor-widget-icon-box\" data-id=\"72d6601\" data-element_type=\"widget\" data-widget_type=\"icon-box.default\">\n\t\t\t\t<div class=\"elementor-widget-container\">\n\t\t\t\t\t\t\t<div class=\"elementor-icon-box-wrapper\">\n\n\t\t\t\t\t\t<div class=\"elementor-icon-box-icon\">\n\t\t\t\t<span  class=\"elementor-icon\">\n\t\t\t\t<i aria-hidden=\"true\" class=\"fas fa-award\"><\/i>\t\t\t\t<\/span>\n\t\t\t<\/div>\n\t\t\t\n\t\t\t\t\t\t<div class=\"elementor-icon-box-content\">\n\n\t\t\t\t\t\t\t\t\t<h3 class=\"elementor-icon-box-title\">\n\t\t\t\t\t\t<span  >\n\t\t\t\t\t\t\tRepresentantes oficiales de las mejores marcas \t\t\t\t\t\t<\/span>\n\t\t\t\t\t<\/h3>\n\t\t\t\t\n\t\t\t\t\t\t\t\t\t<p class=\"elementor-icon-box-description\">\n\t\t\t\t\t\t<span style=\"font-size: 11pt;line-height: 107%;font-family: Arial, sans-serif;background-image: initial;background-position: initial;background-size: initial;background-repeat: initial;background-attachment: initial\">Prof-IT <\/span> es el representante oficial de de Zoiper en Colombia la  App mas usada del mundo para Voip y distribuidores  autorizados de  excelentes marcas como Yealink, Cisco y Grandstream \t\t\t\t\t<\/p>\n\t\t\t\t\n\t\t\t<\/div>\n\t\t\t\n\t\t<\/div>\n\t\t\t\t\t\t<\/div>\n\t\t\t\t<\/div>\n\t\t\t\t\t<\/div>\n\t\t<\/div>\n\t\t\t\t<div class=\"elementor-column elementor-col-33 elementor-top-column elementor-element elementor-element-db124e4\" data-id=\"db124e4\" data-element_type=\"column\">\n\t\t\t<div class=\"elementor-widget-wrap elementor-element-populated\">\n\t\t\t\t\t\t<div class=\"elementor-element elementor-element-a4cd401 elementor-view-default elementor-position-top elementor-mobile-position-top elementor-widget elementor-widget-icon-box\" data-id=\"a4cd401\" data-element_type=\"widget\" data-widget_type=\"icon-box.default\">\n\t\t\t\t<div class=\"elementor-widget-container\">\n\t\t\t\t\t\t\t<div class=\"elementor-icon-box-wrapper\">\n\n\t\t\t\t\t\t<div class=\"elementor-icon-box-icon\">\n\t\t\t\t<span  class=\"elementor-icon\">\n\t\t\t\t<i aria-hidden=\"true\" class=\"fas fa-piggy-bank\"><\/i>\t\t\t\t<\/span>\n\t\t\t<\/div>\n\t\t\t\n\t\t\t\t\t\t<div class=\"elementor-icon-box-content\">\n\n\t\t\t\t\t\t\t\t\t<h3 class=\"elementor-icon-box-title\">\n\t\t\t\t\t\t<span  >\n\t\t\t\t\t\t\tPrecios bajos para PYMES\t\t\t\t\t\t<\/span>\n\t\t\t\t\t<\/h3>\n\t\t\t\t\n\t\t\t\t\t\t\t\t\t<p class=\"elementor-icon-box-description\">\n\t\t\t\t\t\t<p><span style=\"font-family: Arial, sans-serif;background-image: initial;background-position: initial;background-size: initial;background-repeat: initial;background-attachment: initial\">Manejamos planes sencillos y flexibles que puedes ajustar mes a mes seg\u00fan las necesidades de tu compa\u00f1\u00eda, sin cl\u00e1usulas de permanencia a un precio asequible para todo tipo de PYMES adem\u00e1s de muchas promociones incre\u00edbles.<\/span><\/p>\t\t\t\t\t<\/p>\n\t\t\t\t\n\t\t\t<\/div>\n\t\t\t\n\t\t<\/div>\n\t\t\t\t\t\t<\/div>\n\t\t\t\t<\/div>\n\t\t\t\t\t<\/div>\n\t\t<\/div>\n\t\t\t\t<div class=\"elementor-column elementor-col-33 elementor-top-column elementor-element elementor-element-43e9e67\" data-id=\"43e9e67\" data-element_type=\"column\">\n\t\t\t<div class=\"elementor-widget-wrap elementor-element-populated\">\n\t\t\t\t\t\t<div class=\"elementor-element elementor-element-d3cb7c6 elementor-view-default elementor-position-top elementor-mobile-position-top elementor-widget elementor-widget-icon-box\" data-id=\"d3cb7c6\" data-element_type=\"widget\" data-widget_type=\"icon-box.default\">\n\t\t\t\t<div class=\"elementor-widget-container\">\n\t\t\t\t\t\t\t<div class=\"elementor-icon-box-wrapper\">\n\n\t\t\t\t\t\t<div class=\"elementor-icon-box-icon\">\n\t\t\t\t<span  class=\"elementor-icon\">\n\t\t\t\t<i aria-hidden=\"true\" class=\"fas fa-hand-holding-heart\"><\/i>\t\t\t\t<\/span>\n\t\t\t<\/div>\n\t\t\t\n\t\t\t\t\t\t<div class=\"elementor-icon-box-content\">\n\n\t\t\t\t\t\t\t\t\t<h3 class=\"elementor-icon-box-title\">\n\t\t\t\t\t\t<span  >\n\t\t\t\t\t\t\tEl cliente, nuestra prioridad\t\t\t\t\t\t<\/span>\n\t\t\t\t\t<\/h3>\n\t\t\t\t\n\t\t\t\t\t\t\t\t\t<p class=\"elementor-icon-box-description\">\n\t\t\t\t\t\tContamos con una amplia cartera de clientes, que pueden certificarte que  nuestra cultura empresarial gira entono a su satisfacci\u00f3n, que se refleja en nuestro c\u00e1lido servicio al cliente  y calidad en todos nuestros productos y servicios\t\t\t\t\t<\/p>\n\t\t\t\t\n\t\t\t<\/div>\n\t\t\t\n\t\t<\/div>\n\t\t\t\t\t\t<\/div>\n\t\t\t\t<\/div>\n\t\t\t\t\t<\/div>\n\t\t<\/div>\n\t\t\t\t\t<\/div>\n\t\t<\/section>\n\t\t\t\t<section class=\"elementor-section elementor-top-section elementor-element elementor-element-efaaa1e elementor-section-boxed elementor-section-height-default elementor-section-height-default\" data-id=\"efaaa1e\" data-element_type=\"section\">\n\t\t\t\t\t\t<div class=\"elementor-container elementor-column-gap-default\">\n\t\t\t\t\t<div class=\"elementor-column elementor-col-100 elementor-top-column elementor-element elementor-element-f700e0f\" data-id=\"f700e0f\" data-element_type=\"column\" data-settings=\"{&quot;background_background&quot;:&quot;slideshow&quot;,&quot;background_slideshow_gallery&quot;:[],&quot;background_slideshow_loop&quot;:&quot;yes&quot;,&quot;background_slideshow_slide_duration&quot;:5000,&quot;background_slideshow_slide_transition&quot;:&quot;fade&quot;,&quot;background_slideshow_transition_duration&quot;:500}\">\n\t\t\t<div class=\"elementor-widget-wrap elementor-element-populated\">\n\t\t\t\t\t\t<div class=\"elementor-element elementor-element-03946e8 elementor-widget elementor-widget-heading\" data-id=\"03946e8\" data-element_type=\"widget\" data-widget_type=\"heading.default\">\n\t\t\t\t<div class=\"elementor-widget-container\">\n\t\t\t\t\t<h2 class=\"elementor-heading-title elementor-size-default\"><font style=\"vertical-align: inherit\"><font style=\"vertical-align: inherit\">Recibe asesor\u00eda gratis con uno de nuestros ingenieros<\/font><\/font><font style=\"vertical-align: inherit\"><font style=\"vertical-align: inherit\"><\/font><\/font><\/h2>\t\t\t\t<\/div>\n\t\t\t\t<\/div>\n\t\t\t\t<div class=\"elementor-element elementor-element-9505699 elementor-align-center elementor-widget elementor-widget-button\" data-id=\"9505699\" data-element_type=\"widget\" data-widget_type=\"button.default\">\n\t\t\t\t<div class=\"elementor-widget-container\">\n\t\t\t\t\t\t\t\t\t<div class=\"elementor-button-wrapper\">\n\t\t\t\t\t<a class=\"elementor-button elementor-button-link elementor-size-sm\" href=\"https:\/\/forms.gle\/uYHN2GCW7499t8u9A\">\n\t\t\t\t\t\t<span class=\"elementor-button-content-wrapper\">\n\t\t\t\t\t\t\t\t\t<span class=\"elementor-button-text\">Agenda aqui<\/span>\n\t\t\t\t\t<\/span>\n\t\t\t\t\t<\/a>\n\t\t\t\t<\/div>\n\t\t\t\t\t\t\t\t<\/div>\n\t\t\t\t<\/div>\n\t\t\t\t\t<\/div>\n\t\t<\/div>\n\t\t\t\t\t<\/div>\n\t\t<\/section>\n\t\t\t\t<\/div>\n\t\t<!-- AddThis Advanced Settings generic via filter on the_content --><!-- AddThis Share Buttons generic via filter on the_content -->","protected":false},"excerpt":{"rendered":"\u00bf Porque Prof-IT ? Somo expertos en telecomunicaciones;ayudamos a todo tipo de negocios a comunicarse de forma estable, segura y econ\u00f3mica a cualquier parte del mundo a trav\u00e9s de nuestras soluciones de PBX virtual, App VoIP y Minutos IP, E-mail Marketing, SMS y API para WhatsApp Business . Personal calificado En Prof-IT Contamos con un&hellip;&nbsp;<a href=\"https:\/\/prof-it.me\/web\/porque-prof-it\/\" rel=\"bookmark\">Leer m\u00e1s &raquo;<span class=\"screen-reader-text\">\u00bfPorque Prof-IT?<\/span><\/a><!-- AddThis Advanced Settings generic via filter on get_the_excerpt --><!-- AddThis Share Buttons generic via filter on get_the_excerpt -->","protected":false},"author":3,"featured_media":0,"parent":0,"menu_order":0,"comment_status":"closed","ping_status":"closed","template":"page-templates\/template-pagebuilder-full-width.php","meta":{"neve_meta_sidebar":"","neve_meta_container":"","neve_meta_enable_content_width":"off","neve_meta_content_width":0,"neve_meta_title_alignment":"","neve_meta_author_avatar":"","neve_post_elements_order":"","neve_meta_disable_header":"","neve_meta_disable_footer":"","neve_meta_disable_title":"","footnotes":""},"class_list":["post-8823","page","type-page","status-publish","hentry"],"yoast_head":"<!-- This site is optimized with the Yoast SEO plugin v26.0 - https:\/\/yoast.com\/wordpress\/plugins\/seo\/ -->\n<title>\u00bfPorque Prof-IT? - Telefon\u00eda IP Prof-IT SAS<\/title>\n<meta name=\"robots\" content=\"index, follow, max-snippet:-1, max-image-preview:large, max-video-preview:-1\" \/>\n<link rel=\"canonical\" href=\"https:\/\/prof-it.me\/web\/porque-prof-it\/\" \/>\n<meta property=\"og:locale\" content=\"es_ES\" \/>\n<meta property=\"og:type\" content=\"article\" \/>\n<meta property=\"og:title\" content=\"\u00bfPorque Prof-IT? - Telefon\u00eda IP Prof-IT SAS\" \/>\n<meta property=\"og:description\" content=\"\u00bf Porque Prof-IT ? Somo expertos en telecomunicaciones;ayudamos a todo tipo de negocios a comunicarse de forma estable, segura y econ\u00f3mica a cualquier parte del mundo a trav\u00e9s de nuestras soluciones de PBX virtual, App VoIP y Minutos IP, E-mail Marketing, SMS y API para WhatsApp Business . Personal calificado En Prof-IT Contamos con un&hellip;&nbsp;Leer m\u00e1s &raquo;\u00bfPorque Prof-IT?\" \/>\n<meta property=\"og:url\" content=\"https:\/\/prof-it.me\/web\/porque-prof-it\/\" \/>\n<meta property=\"og:site_name\" content=\"Telefon\u00eda IP Prof-IT SAS\" \/>\n<meta property=\"article:publisher\" content=\"https:\/\/www.facebook.com\/profit.voip\/\" \/>\n<meta property=\"article:modified_time\" content=\"2022-04-06T15:32:58+00:00\" \/>\n<meta name=\"twitter:card\" content=\"summary_large_image\" \/>\n<meta name=\"twitter:label1\" content=\"Tiempo de lectura\" \/>\n\t<meta name=\"twitter:data1\" content=\"1 minuto\" \/>\n<script type=\"application\/ld+json\" class=\"yoast-schema-graph\">{\"@context\":\"https:\/\/schema.org\",\"@graph\":[{\"@type\":\"WebPage\",\"@id\":\"https:\/\/prof-it.me\/web\/porque-prof-it\/\",\"url\":\"https:\/\/prof-it.me\/web\/porque-prof-it\/\",\"name\":\"\u00bfPorque Prof-IT? - Telefon\u00eda IP Prof-IT SAS\",\"isPartOf\":{\"@id\":\"https:\/\/prof-it.me\/web\/#website\"},\"datePublished\":\"2020-07-25T23:53:49+00:00\",\"dateModified\":\"2022-04-06T15:32:58+00:00\",\"breadcrumb\":{\"@id\":\"https:\/\/prof-it.me\/web\/porque-prof-it\/#breadcrumb\"},\"inLanguage\":\"es-CO\",\"potentialAction\":[{\"@type\":\"ReadAction\",\"target\":[\"https:\/\/prof-it.me\/web\/porque-prof-it\/\"]}]},{\"@type\":\"BreadcrumbList\",\"@id\":\"https:\/\/prof-it.me\/web\/porque-prof-it\/#breadcrumb\",\"itemListElement\":[{\"@type\":\"ListItem\",\"position\":1,\"name\":\"Home\",\"item\":\"https:\/\/prof-it.me\/web\/\"},{\"@type\":\"ListItem\",\"position\":2,\"name\":\"\u00bfPorque Prof-IT?\"}]},{\"@type\":\"WebSite\",\"@id\":\"https:\/\/prof-it.me\/web\/#website\",\"url\":\"https:\/\/prof-it.me\/web\/\",\"name\":\"Telefon\u00eda IP Prof-IT SAS\",\"description\":\"Expertos en telefon\u00eda VoIP\",\"publisher\":{\"@id\":\"https:\/\/prof-it.me\/web\/#organization\"},\"potentialAction\":[{\"@type\":\"SearchAction\",\"target\":{\"@type\":\"EntryPoint\",\"urlTemplate\":\"https:\/\/prof-it.me\/web\/?s={search_term_string}\"},\"query-input\":{\"@type\":\"PropertyValueSpecification\",\"valueRequired\":true,\"valueName\":\"search_term_string\"}}],\"inLanguage\":\"es-CO\"},{\"@type\":\"Organization\",\"@id\":\"https:\/\/prof-it.me\/web\/#organization\",\"name\":\"Profesionales en Ingenier\u00eda y TIC SAS Prof-IT SAS\",\"url\":\"https:\/\/prof-it.me\/web\/\",\"logo\":{\"@type\":\"ImageObject\",\"inLanguage\":\"es-CO\",\"@id\":\"https:\/\/prof-it.me\/web\/#\/schema\/logo\/image\/\",\"url\":\"https:\/\/prof-it.me\/web\/wp-content\/uploads\/2016\/03\/LogoProf-IT_Mediano.png\",\"contentUrl\":\"https:\/\/prof-it.me\/web\/wp-content\/uploads\/2016\/03\/LogoProf-IT_Mediano.png\",\"width\":262,\"height\":369,\"caption\":\"Profesionales en Ingenier\u00eda y TIC SAS Prof-IT SAS\"},\"image\":{\"@id\":\"https:\/\/prof-it.me\/web\/#\/schema\/logo\/image\/\"},\"sameAs\":[\"https:\/\/www.facebook.com\/profit.voip\/\",\"https:\/\/www.linkedin.com\/in\/davidbqzt\",\"https:\/\/www.youtube.com\/channel\/UC5yjKQqLT8FhUk29lKSV4iw\"]}]}<\/script>\n<!-- \/ Yoast SEO plugin. -->","yoast_head_json":{"title":"\u00bfPorque Prof-IT? - Telefon\u00eda IP Prof-IT SAS","robots":{"index":"index","follow":"follow","max-snippet":"max-snippet:-1","max-image-preview":"max-image-preview:large","max-video-preview":"max-video-preview:-1"},"canonical":"https:\/\/prof-it.me\/web\/porque-prof-it\/","og_locale":"es_ES","og_type":"article","og_title":"\u00bfPorque Prof-IT? - Telefon\u00eda IP Prof-IT SAS","og_description":"\u00bf Porque Prof-IT ? Somo expertos en telecomunicaciones;ayudamos a todo tipo de negocios a comunicarse de forma estable, segura y econ\u00f3mica a cualquier parte del mundo a trav\u00e9s de nuestras soluciones de PBX virtual, App VoIP y Minutos IP, E-mail Marketing, SMS y API para WhatsApp Business . Personal calificado En Prof-IT Contamos con un&hellip;&nbsp;Leer m\u00e1s &raquo;\u00bfPorque Prof-IT?","og_url":"https:\/\/prof-it.me\/web\/porque-prof-it\/","og_site_name":"Telefon\u00eda IP Prof-IT SAS","article_publisher":"https:\/\/www.facebook.com\/profit.voip\/","article_modified_time":"2022-04-06T15:32:58+00:00","twitter_card":"summary_large_image","twitter_misc":{"Tiempo de lectura":"1 minuto"},"schema":{"@context":"https:\/\/schema.org","@graph":[{"@type":"WebPage","@id":"https:\/\/prof-it.me\/web\/porque-prof-it\/","url":"https:\/\/prof-it.me\/web\/porque-prof-it\/","name":"\u00bfPorque Prof-IT? - Telefon\u00eda IP Prof-IT SAS","isPartOf":{"@id":"https:\/\/prof-it.me\/web\/#website"},"datePublished":"2020-07-25T23:53:49+00:00","dateModified":"2022-04-06T15:32:58+00:00","breadcrumb":{"@id":"https:\/\/prof-it.me\/web\/porque-prof-it\/#breadcrumb"},"inLanguage":"es-CO","potentialAction":[{"@type":"ReadAction","target":["https:\/\/prof-it.me\/web\/porque-prof-it\/"]}]},{"@type":"BreadcrumbList","@id":"https:\/\/prof-it.me\/web\/porque-prof-it\/#breadcrumb","itemListElement":[{"@type":"ListItem","position":1,"name":"Home","item":"https:\/\/prof-it.me\/web\/"},{"@type":"ListItem","position":2,"name":"\u00bfPorque Prof-IT?"}]},{"@type":"WebSite","@id":"https:\/\/prof-it.me\/web\/#website","url":"https:\/\/prof-it.me\/web\/","name":"Telefon\u00eda IP Prof-IT SAS","description":"Expertos en telefon\u00eda VoIP","publisher":{"@id":"https:\/\/prof-it.me\/web\/#organization"},"potentialAction":[{"@type":"SearchAction","target":{"@type":"EntryPoint","urlTemplate":"https:\/\/prof-it.me\/web\/?s={search_term_string}"},"query-input":{"@type":"PropertyValueSpecification","valueRequired":true,"valueName":"search_term_string"}}],"inLanguage":"es-CO"},{"@type":"Organization","@id":"https:\/\/prof-it.me\/web\/#organization","name":"Profesionales en Ingenier\u00eda y TIC SAS Prof-IT SAS","url":"https:\/\/prof-it.me\/web\/","logo":{"@type":"ImageObject","inLanguage":"es-CO","@id":"https:\/\/prof-it.me\/web\/#\/schema\/logo\/image\/","url":"https:\/\/prof-it.me\/web\/wp-content\/uploads\/2016\/03\/LogoProf-IT_Mediano.png","contentUrl":"https:\/\/prof-it.me\/web\/wp-content\/uploads\/2016\/03\/LogoProf-IT_Mediano.png","width":262,"height":369,"caption":"Profesionales en Ingenier\u00eda y TIC SAS Prof-IT SAS"},"image":{"@id":"https:\/\/prof-it.me\/web\/#\/schema\/logo\/image\/"},"sameAs":["https:\/\/www.facebook.com\/profit.voip\/","https:\/\/www.linkedin.com\/in\/davidbqzt","https:\/\/www.youtube.com\/channel\/UC5yjKQqLT8FhUk29lKSV4iw"]}]}},"_links":{"self":[{"href":"https:\/\/prof-it.me\/web\/wp-json\/wp\/v2\/pages\/8823","targetHints":{"allow":["GET"]}}],"collection":[{"href":"https:\/\/prof-it.me\/web\/wp-json\/wp\/v2\/pages"}],"about":[{"href":"https:\/\/prof-it.me\/web\/wp-json\/wp\/v2\/types\/page"}],"author":[{"embeddable":true,"href":"https:\/\/prof-it.me\/web\/wp-json\/wp\/v2\/users\/3"}],"replies":[{"embeddable":true,"href":"https:\/\/prof-it.me\/web\/wp-json\/wp\/v2\/comments?post=8823"}],"version-history":[{"count":37,"href":"https:\/\/prof-it.me\/web\/wp-json\/wp\/v2\/pages\/8823\/revisions"}],"predecessor-version":[{"id":11608,"href":"https:\/\/prof-it.me\/web\/wp-json\/wp\/v2\/pages\/8823\/revisions\/11608"}],"wp:attachment":[{"href":"https:\/\/prof-it.me\/web\/wp-json\/wp\/v2\/media?parent=8823"}],"curies":[{"name":"wp","href":"https:\/\/api.w.org\/{rel}","templated":true}]}}